{"id":1454,"date":"2020-09-30T14:34:22","date_gmt":"2020-09-30T12:34:22","guid":{"rendered":"https:\/\/fromagesdecocagne.fr\/about-us\/"},"modified":"2022-02-17T16:01:12","modified_gmt":"2022-02-17T15:01:12","slug":"about-us","status":"publish","type":"page","link":"https:\/\/fromagesdecocagne.fr\/en\/","title":{"rendered":"About us"},"content":{"rendered":"\t\t<div data-elementor-type=\"wp-page\" data-elementor-id=\"1454\" class=\"elementor elementor-1454 elementor-252\" data-elementor-post-type=\"page\">\n\t\t\t\t\t\t<section class=\"elementor-section elementor-top-section elementor-element elementor-element-1591297 elementor-section-height-min-height elementor-section-boxed elementor-section-height-default elementor-section-items-middle\" data-id=\"1591297\" data-element_type=\"section\" data-e-type=\"section\" data-settings=\"{&quot;background_background&quot;:&quot;classic&quot;}\">\n\t\t\t\t\t\t<div class=\"elementor-container elementor-column-gap-default\">\n\t\t\t\t\t<div class=\"elementor-column elementor-col-100 elementor-top-column elementor-element elementor-element-d306727\" data-id=\"d306727\" data-element_type=\"column\" data-e-type=\"column\">\n\t\t\t<div class=\"elementor-widget-wrap elementor-element-populated\">\n\t\t\t\t\t\t<div class=\"elementor-element elementor-element-008d72b elementor-widget elementor-widget-heading\" data-id=\"008d72b\" data-element_type=\"widget\" data-e-type=\"widget\" data-widget_type=\"heading.default\">\n\t\t\t\t<div class=\"elementor-widget-container\">\n\t\t\t\t\t<h1 class=\"elementor-heading-title elementor-size-default\">About us<\/h1>\t\t\t\t<\/div>\n\t\t\t\t<\/div>\n\t\t\t\t\t<\/div>\n\t\t<\/div>\n\t\t\t\t\t<\/div>\n\t\t<\/section>\n\t\t\t\t<section class=\"elementor-section elementor-top-section elementor-element elementor-element-89434f6 elementor-section-boxed elementor-section-height-default elementor-section-height-default\" data-id=\"89434f6\" data-element_type=\"section\" data-e-type=\"section\">\n\t\t\t\t\t\t<div class=\"elementor-container elementor-column-gap-default\">\n\t\t\t\t\t<div class=\"elementor-column elementor-col-100 elementor-top-column elementor-element elementor-element-8acfac6\" data-id=\"8acfac6\" data-element_type=\"column\" data-e-type=\"column\">\n\t\t\t<div class=\"elementor-widget-wrap elementor-element-populated\">\n\t\t\t\t\t\t<div class=\"elementor-element elementor-element-87ce095 elementor-widget elementor-widget-heading\" data-id=\"87ce095\" data-element_type=\"widget\" data-e-type=\"widget\" data-widget_type=\"heading.default\">\n\t\t\t\t<div class=\"elementor-widget-container\">\n\t\t\t\t\t<h2 class=\"elementor-heading-title elementor-size-default\">FROMAGES DE COCAGNE : THE FIRST WHOLESALER TO PROMOTE SOUTH-WEST FRANCE\u2019S DIVERSITY<\/h2>\t\t\t\t<\/div>\n\t\t\t\t<\/div>\n\t\t\t\t<div class=\"elementor-element elementor-element-637c2f0 elementor-widget elementor-widget-text-editor\" data-id=\"637c2f0\" data-element_type=\"widget\" data-e-type=\"widget\" data-widget_type=\"text-editor.default\">\n\t\t\t\t<div class=\"elementor-widget-container\">\n\t\t\t\t\t\t\t\t\tSouth-west France boasts unrivalled diversity in cheese. It is the only French region to offer all categories of cheese and to produce all three types of milk. The region is brimming with a wealth of products to discover.\n\nThe founding team of Fromages de Cocagne is supported and counselled by Fran\u00e7ois Bourgon, who holds France\u2019s prestigious title Meilleur Ouvrier de France for outstanding craftsmanship. The team seeks to be not just a wholesaler, but a campaigner too.\t\t\t\t\t\t\t\t<\/div>\n\t\t\t\t<\/div>\n\t\t\t\t\t<\/div>\n\t\t<\/div>\n\t\t\t\t\t<\/div>\n\t\t<\/section>\n\t\t\t\t<section class=\"elementor-section elementor-top-section elementor-element elementor-element-89e3df0 elementor-reverse-mobile elementor-section-boxed elementor-section-height-default elementor-section-height-default\" data-id=\"89e3df0\" data-element_type=\"section\" data-e-type=\"section\" data-settings=\"{&quot;background_background&quot;:&quot;classic&quot;}\">\n\t\t\t\t\t\t<div class=\"elementor-container elementor-column-gap-default\">\n\t\t\t\t\t<div class=\"elementor-column elementor-col-50 elementor-top-column elementor-element elementor-element-c7356f2\" data-id=\"c7356f2\" data-element_type=\"column\" data-e-type=\"column\" data-settings=\"{&quot;background_background&quot;:&quot;classic&quot;}\">\n\t\t\t<div class=\"elementor-widget-wrap elementor-element-populated\">\n\t\t\t\t\t\t\t<\/div>\n\t\t<\/div>\n\t\t\t\t<div class=\"elementor-column elementor-col-50 elementor-top-column elementor-element elementor-element-179478b\" data-id=\"179478b\" data-element_type=\"column\" data-e-type=\"column\" data-settings=\"{&quot;background_background&quot;:&quot;classic&quot;}\">\n\t\t\t<div class=\"elementor-widget-wrap elementor-element-populated\">\n\t\t\t\t\t\t<div class=\"elementor-element elementor-element-a989ff9 elementor-widget elementor-widget-heading\" data-id=\"a989ff9\" data-element_type=\"widget\" data-e-type=\"widget\" data-widget_type=\"heading.default\">\n\t\t\t\t<div class=\"elementor-widget-container\">\n\t\t\t\t\t<h2 class=\"elementor-heading-title elementor-size-default\">THE LAND OF PLENTY : A BRIEF HISTORY<\/h2>\t\t\t\t<\/div>\n\t\t\t\t<\/div>\n\t\t\t\t<div class=\"elementor-element elementor-element-f3582ab elementor-widget elementor-widget-text-editor\" data-id=\"f3582ab\" data-element_type=\"widget\" data-e-type=\"widget\" data-widget_type=\"text-editor.default\">\n\t\t\t\t<div class=\"elementor-widget-container\">\n\t\t\t\t\t\t\t\t\t<p style=\"color: #2A1F15;  \">In the past, the French term cocagne meant a dried ball of ground woad leaves that brought Toulouse great wealth and gave it a nickname: Le Pays de Cocagne, which is also a French expression denoting a mythical land of plenty.<\/p>\n<p style=\"color: #2A1F15;  \">Today, the prosperity of our region can be seen in the diversity of its cheese. South-west France harbours hundreds of small-scale cheesemakers who deserve to be known and appreciated.<\/p>\n<p style=\"color: #2A1F15;  \">For us, the legendary land of plenty is not a myth. It is a reality we would like to share with the world through a name: Fromages de Cocagne.<\/p>\n\n<div><\/div>\t\t\t\t\t\t\t\t<\/div>\n\t\t\t\t<\/div>\n\t\t\t\t<div class=\"elementor-element elementor-element-1f0dd7c elementor-widget elementor-widget-spacer\" data-id=\"1f0dd7c\" data-element_type=\"widget\" data-e-type=\"widget\" data-widget_type=\"spacer.default\">\n\t\t\t\t<div class=\"elementor-widget-container\">\n\t\t\t\t\t\t\t<div class=\"elementor-spacer\">\n\t\t\t<div class=\"elementor-spacer-inner\"><\/div>\n\t\t<\/div>\n\t\t\t\t\t\t<\/div>\n\t\t\t\t<\/div>\n\t\t\t\t\t<\/div>\n\t\t<\/div>\n\t\t\t\t\t<\/div>\n\t\t<\/section>\n\t\t\t\t<section class=\"elementor-section elementor-top-section elementor-element elementor-element-c402576 elementor-section-boxed elementor-section-height-default elementor-section-height-default\" data-id=\"c402576\" data-element_type=\"section\" data-e-type=\"section\">\n\t\t\t\t\t\t<div class=\"elementor-container elementor-column-gap-default\">\n\t\t\t\t\t<div class=\"elementor-column elementor-col-50 elementor-top-column elementor-element elementor-element-267fb10\" data-id=\"267fb10\" data-element_type=\"column\" data-e-type=\"column\" data-settings=\"{&quot;background_background&quot;:&quot;classic&quot;}\">\n\t\t\t<div class=\"elementor-widget-wrap elementor-element-populated\">\n\t\t\t\t\t\t<div class=\"elementor-element elementor-element-f2022f0 elementor-widget elementor-widget-heading\" data-id=\"f2022f0\" data-element_type=\"widget\" data-e-type=\"widget\" data-widget_type=\"heading.default\">\n\t\t\t\t<div class=\"elementor-widget-container\">\n\t\t\t\t\t<h2 class=\"elementor-heading-title elementor-size-default\">A WIDE RANGE, FROM AUTHENTICITY TO ORIGINALITY<\/h2>\t\t\t\t<\/div>\n\t\t\t\t<\/div>\n\t\t\t\t<div class=\"elementor-element elementor-element-826f1d0 elementor-widget elementor-widget-text-editor\" data-id=\"826f1d0\" data-element_type=\"widget\" data-e-type=\"widget\" data-widget_type=\"text-editor.default\">\n\t\t\t\t<div class=\"elementor-widget-container\">\n\t\t\t\t\t\t\t\t\t<p>\u2022 The seven categories of cheese represented<\/p><p>\u2022 Famous names in cheese<\/p><p>\u2022 Big industrial groups excluded<\/p><p>\u2022 Small-scale craft cheesemakers<\/p><p>\u2022 Farm products <\/p><p>\u2022 Home maturing, home products<\/p><div> <\/div>\t\t\t\t\t\t\t\t<\/div>\n\t\t\t\t<\/div>\n\t\t\t\t<div class=\"elementor-element elementor-element-c4d1365 elementor-widget elementor-widget-spacer\" data-id=\"c4d1365\" data-element_type=\"widget\" data-e-type=\"widget\" data-widget_type=\"spacer.default\">\n\t\t\t\t<div class=\"elementor-widget-container\">\n\t\t\t\t\t\t\t<div class=\"elementor-spacer\">\n\t\t\t<div class=\"elementor-spacer-inner\"><\/div>\n\t\t<\/div>\n\t\t\t\t\t\t<\/div>\n\t\t\t\t<\/div>\n\t\t\t\t\t<\/div>\n\t\t<\/div>\n\t\t\t\t<div class=\"elementor-column elementor-col-50 elementor-top-column elementor-element elementor-element-1fc4b7f\" data-id=\"1fc4b7f\" data-element_type=\"column\" data-e-type=\"column\" data-settings=\"{&quot;background_background&quot;:&quot;classic&quot;}\">\n\t\t\t<div class=\"elementor-widget-wrap elementor-element-populated\">\n\t\t\t\t\t\t\t<\/div>\n\t\t<\/div>\n\t\t\t\t\t<\/div>\n\t\t<\/section>\n\t\t\t\t<section class=\"elementor-section elementor-top-section elementor-element elementor-element-0fb8af5 elementor-reverse-mobile elementor-section-boxed elementor-section-height-default elementor-section-height-default\" data-id=\"0fb8af5\" data-element_type=\"section\" data-e-type=\"section\">\n\t\t\t\t\t\t<div class=\"elementor-container elementor-column-gap-default\">\n\t\t\t\t\t<div class=\"elementor-column elementor-col-50 elementor-top-column elementor-element elementor-element-2f6a5b7\" data-id=\"2f6a5b7\" data-element_type=\"column\" data-e-type=\"column\" data-settings=\"{&quot;background_background&quot;:&quot;classic&quot;}\">\n\t\t\t<div class=\"elementor-widget-wrap elementor-element-populated\">\n\t\t\t\t\t\t\t<\/div>\n\t\t<\/div>\n\t\t\t\t<div class=\"elementor-column elementor-col-50 elementor-top-column elementor-element elementor-element-2017913\" data-id=\"2017913\" data-element_type=\"column\" data-e-type=\"column\">\n\t\t\t<div class=\"elementor-widget-wrap elementor-element-populated\">\n\t\t\t\t\t\t<div class=\"elementor-element elementor-element-f8efb29 elementor-widget elementor-widget-heading\" data-id=\"f8efb29\" data-element_type=\"widget\" data-e-type=\"widget\" data-widget_type=\"heading.default\">\n\t\t\t\t<div class=\"elementor-widget-container\">\n\t\t\t\t\t<h2 class=\"elementor-heading-title elementor-size-default\">A FAIR WHOLESALER FIGHTING FOR DIVERSITY AMONG PRODUCTS<\/h2>\t\t\t\t<\/div>\n\t\t\t\t<\/div>\n\t\t\t\t<div class=\"elementor-element elementor-element-d0d9f92 elementor-widget elementor-widget-text-editor\" data-id=\"d0d9f92\" data-element_type=\"widget\" data-e-type=\"widget\" data-widget_type=\"text-editor.default\">\n\t\t\t\t<div class=\"elementor-widget-container\">\n\t\t\t\t\t\t\t\t\t<p>Fromages de Cocagne is all about a pledge. It is a pledge to defend diversity among products<\/p><p>from south-west France\u2019s cheesemakers in the face of big industrial groups imposing standardisation on them.<\/p><p>Fromages de Cocagne wholeheartedly plays its role in the rural ecosystem by keeping alive the business of established producers and by revealing bold creators.<\/p><p>Our pledge involves buying at fair prices and being completely transparent about the<\/p><p>origins, ingredients and production methods of our products. <\/p><div> <\/div>\t\t\t\t\t\t\t\t<\/div>\n\t\t\t\t<\/div>\n\t\t\t\t<div class=\"elementor-element elementor-element-318a9bb elementor-widget elementor-widget-spacer\" data-id=\"318a9bb\" data-element_type=\"widget\" data-e-type=\"widget\" data-widget_type=\"spacer.default\">\n\t\t\t\t<div class=\"elementor-widget-container\">\n\t\t\t\t\t\t\t<div class=\"elementor-spacer\">\n\t\t\t<div class=\"elementor-spacer-inner\"><\/div>\n\t\t<\/div>\n\t\t\t\t\t\t<\/div>\n\t\t\t\t<\/div>\n\t\t\t\t\t<\/div>\n\t\t<\/div>\n\t\t\t\t\t<\/div>\n\t\t<\/section>\n\t\t\t\t<section class=\"elementor-section elementor-top-section elementor-element elementor-element-578aeb4 elementor-section-boxed elementor-section-height-default elementor-section-height-default\" data-id=\"578aeb4\" data-element_type=\"section\" data-e-type=\"section\">\n\t\t\t\t\t\t<div class=\"elementor-container elementor-column-gap-default\">\n\t\t\t\t\t<div class=\"elementor-column elementor-col-50 elementor-top-column elementor-element elementor-element-bc1163a\" data-id=\"bc1163a\" data-element_type=\"column\" data-e-type=\"column\" data-settings=\"{&quot;background_background&quot;:&quot;classic&quot;}\">\n\t\t\t<div class=\"elementor-widget-wrap elementor-element-populated\">\n\t\t\t\t\t\t<div class=\"elementor-element elementor-element-6effe90 elementor-widget elementor-widget-heading\" data-id=\"6effe90\" data-element_type=\"widget\" data-e-type=\"widget\" data-widget_type=\"heading.default\">\n\t\t\t\t<div class=\"elementor-widget-container\">\n\t\t\t\t\t<h2 class=\"elementor-heading-title elementor-size-default\">A SERVICE DEDICATED TO PROFESSIONALS<\/h2>\t\t\t\t<\/div>\n\t\t\t\t<\/div>\n\t\t\t\t<div class=\"elementor-element elementor-element-8ba862b elementor-widget elementor-widget-text-editor\" data-id=\"8ba862b\" data-element_type=\"widget\" data-e-type=\"widget\" data-widget_type=\"text-editor.default\">\n\t\t\t\t<div class=\"elementor-widget-container\">\n\t\t\t\t\t\t\t\t\t<p>\u2022 Consultancy: Supporting you in your cheese choices <\/p><p>\u2022 Seasonality: Developing your cheese range at a seasonal pace<\/p><p>\u2022 Story : Giving you a tale to tell for each product<\/p><p>\u2022 Flexibility : Serving you by adapting to your needs<\/p><div> <\/div>\t\t\t\t\t\t\t\t<\/div>\n\t\t\t\t<\/div>\n\t\t\t\t<div class=\"elementor-element elementor-element-c3262c4 elementor-widget elementor-widget-spacer\" data-id=\"c3262c4\" data-element_type=\"widget\" data-e-type=\"widget\" data-widget_type=\"spacer.default\">\n\t\t\t\t<div class=\"elementor-widget-container\">\n\t\t\t\t\t\t\t<div class=\"elementor-spacer\">\n\t\t\t<div class=\"elementor-spacer-inner\"><\/div>\n\t\t<\/div>\n\t\t\t\t\t\t<\/div>\n\t\t\t\t<\/div>\n\t\t\t\t\t<\/div>\n\t\t<\/div>\n\t\t\t\t<div class=\"elementor-column elementor-col-50 elementor-top-column elementor-element elementor-element-fbfe596\" data-id=\"fbfe596\" data-element_type=\"column\" data-e-type=\"column\" data-settings=\"{&quot;background_background&quot;:&quot;classic&quot;}\">\n\t\t\t<div class=\"elementor-widget-wrap elementor-element-populated\">\n\t\t\t\t\t\t\t<\/div>\n\t\t<\/div>\n\t\t\t\t\t<\/div>\n\t\t<\/section>\n\t\t\t\t<\/div>\n\t\t","protected":false},"excerpt":{"rendered":"<p>About us FROMAGES DE COCAGNE : THE FIRST WHOLESALER TO PROMOTE SOUTH-WEST FRANCE\u2019S DIVERSITY South-west France boasts unrivalled diversity in cheese. It is the only French region to offer all categories of cheese and to produce all three types of milk. The region is brimming with a wealth of products to discover. The founding team [&hellip;]<\/p>\n","protected":false},"author":1,"featured_media":0,"parent":0,"menu_order":0,"comment_status":"closed","ping_status":"closed","template":"","meta":{"_acf_changed":false,"footnotes":""},"class_list":["post-1454","page","type-page","status-publish","hentry"],"acf":[],"yoast_head":"<!-- This site is optimized with the Yoast SEO plugin v26.8 - https:\/\/yoast.com\/product\/yoast-seo-wordpress\/ -->\n<title>About us - Fromages de Cocagne<\/title>\n<meta name=\"robots\" content=\"index, follow, max-snippet:-1, max-image-preview:large, max-video-preview:-1\" \/>\n<link rel=\"canonical\" href=\"https:\/\/fromagesdecocagne.fr\/en\/\" \/>\n<meta property=\"og:locale\" content=\"en_US\" \/>\n<meta property=\"og:type\" content=\"article\" \/>\n<meta property=\"og:title\" content=\"About us - Fromages de Cocagne\" \/>\n<meta property=\"og:description\" content=\"About us FROMAGES DE COCAGNE : THE FIRST WHOLESALER TO PROMOTE SOUTH-WEST FRANCE\u2019S DIVERSITY South-west France boasts unrivalled diversity in cheese. It is the only French region to offer all categories of cheese and to produce all three types of milk. The region is brimming with a wealth of products to discover. The founding team [&hellip;]\" \/>\n<meta property=\"og:url\" content=\"https:\/\/fromagesdecocagne.fr\/en\/\" \/>\n<meta property=\"og:site_name\" content=\"Fromages de Cocagne\" \/>\n<meta property=\"article:modified_time\" content=\"2022-02-17T15:01:12+00:00\" \/>\n<meta name=\"twitter:card\" content=\"summary_large_image\" \/>\n<meta name=\"twitter:label1\" content=\"Est. reading time\" \/>\n\t<meta name=\"twitter:data1\" content=\"2 minutes\" \/>\n<script type=\"application\/ld+json\" class=\"yoast-schema-graph\">{\"@context\":\"https:\/\/schema.org\",\"@graph\":[{\"@type\":\"WebPage\",\"@id\":\"https:\/\/fromagesdecocagne.fr\/en\/\",\"url\":\"https:\/\/fromagesdecocagne.fr\/en\/\",\"name\":\"About us - Fromages de Cocagne\",\"isPartOf\":{\"@id\":\"https:\/\/fromagesdecocagne.fr\/en\/#website\"},\"datePublished\":\"2020-09-30T12:34:22+00:00\",\"dateModified\":\"2022-02-17T15:01:12+00:00\",\"breadcrumb\":{\"@id\":\"https:\/\/fromagesdecocagne.fr\/en\/#breadcrumb\"},\"inLanguage\":\"en-US\",\"potentialAction\":[{\"@type\":\"ReadAction\",\"target\":[\"https:\/\/fromagesdecocagne.fr\/en\/\"]}]},{\"@type\":\"BreadcrumbList\",\"@id\":\"https:\/\/fromagesdecocagne.fr\/en\/#breadcrumb\",\"itemListElement\":[{\"@type\":\"ListItem\",\"position\":1,\"name\":\"Accueil\",\"item\":\"https:\/\/fromagesdecocagne.fr\/en\/about-us\/\"},{\"@type\":\"ListItem\",\"position\":2,\"name\":\"About us\"}]},{\"@type\":\"WebSite\",\"@id\":\"https:\/\/fromagesdecocagne.fr\/en\/#website\",\"url\":\"https:\/\/fromagesdecocagne.fr\/en\/\",\"name\":\"Fromages de Cocagne\",\"description\":\"Fromages de Cocagne s\u00e9lectionne les meilleurs fromages du sud-ouest issue de productions paysannes pour proposer une offre g\u00e9n\u00e9reuse de fromages et cr\u00eamerie entre authenticit\u00e9 et originalit\u00e9.\",\"potentialAction\":[{\"@type\":\"SearchAction\",\"target\":{\"@type\":\"EntryPoint\",\"urlTemplate\":\"https:\/\/fromagesdecocagne.fr\/en\/?s={search_term_string}\"},\"query-input\":{\"@type\":\"PropertyValueSpecification\",\"valueRequired\":true,\"valueName\":\"search_term_string\"}}],\"inLanguage\":\"en-US\"}]}<\/script>\n<!-- \/ Yoast SEO plugin. -->","yoast_head_json":{"title":"About us - Fromages de Cocagne","robots":{"index":"index","follow":"follow","max-snippet":"max-snippet:-1","max-image-preview":"max-image-preview:large","max-video-preview":"max-video-preview:-1"},"canonical":"https:\/\/fromagesdecocagne.fr\/en\/","og_locale":"en_US","og_type":"article","og_title":"About us - Fromages de Cocagne","og_description":"About us FROMAGES DE COCAGNE : THE FIRST WHOLESALER TO PROMOTE SOUTH-WEST FRANCE\u2019S DIVERSITY South-west France boasts unrivalled diversity in cheese. It is the only French region to offer all categories of cheese and to produce all three types of milk. The region is brimming with a wealth of products to discover. The founding team [&hellip;]","og_url":"https:\/\/fromagesdecocagne.fr\/en\/","og_site_name":"Fromages de Cocagne","article_modified_time":"2022-02-17T15:01:12+00:00","twitter_card":"summary_large_image","twitter_misc":{"Est. reading time":"2 minutes"},"schema":{"@context":"https:\/\/schema.org","@graph":[{"@type":"WebPage","@id":"https:\/\/fromagesdecocagne.fr\/en\/","url":"https:\/\/fromagesdecocagne.fr\/en\/","name":"About us - Fromages de Cocagne","isPartOf":{"@id":"https:\/\/fromagesdecocagne.fr\/en\/#website"},"datePublished":"2020-09-30T12:34:22+00:00","dateModified":"2022-02-17T15:01:12+00:00","breadcrumb":{"@id":"https:\/\/fromagesdecocagne.fr\/en\/#breadcrumb"},"inLanguage":"en-US","potentialAction":[{"@type":"ReadAction","target":["https:\/\/fromagesdecocagne.fr\/en\/"]}]},{"@type":"BreadcrumbList","@id":"https:\/\/fromagesdecocagne.fr\/en\/#breadcrumb","itemListElement":[{"@type":"ListItem","position":1,"name":"Accueil","item":"https:\/\/fromagesdecocagne.fr\/en\/about-us\/"},{"@type":"ListItem","position":2,"name":"About us"}]},{"@type":"WebSite","@id":"https:\/\/fromagesdecocagne.fr\/en\/#website","url":"https:\/\/fromagesdecocagne.fr\/en\/","name":"Fromages de Cocagne","description":"Fromages de Cocagne s\u00e9lectionne les meilleurs fromages du sud-ouest issue de productions paysannes pour proposer une offre g\u00e9n\u00e9reuse de fromages et cr\u00eamerie entre authenticit\u00e9 et originalit\u00e9.","potentialAction":[{"@type":"SearchAction","target":{"@type":"EntryPoint","urlTemplate":"https:\/\/fromagesdecocagne.fr\/en\/?s={search_term_string}"},"query-input":{"@type":"PropertyValueSpecification","valueRequired":true,"valueName":"search_term_string"}}],"inLanguage":"en-US"}]}},"_links":{"self":[{"href":"https:\/\/fromagesdecocagne.fr\/en\/wp-json\/wp\/v2\/pages\/1454","targetHints":{"allow":["GET"]}}],"collection":[{"href":"https:\/\/fromagesdecocagne.fr\/en\/wp-json\/wp\/v2\/pages"}],"about":[{"href":"https:\/\/fromagesdecocagne.fr\/en\/wp-json\/wp\/v2\/types\/page"}],"author":[{"embeddable":true,"href":"https:\/\/fromagesdecocagne.fr\/en\/wp-json\/wp\/v2\/users\/1"}],"replies":[{"embeddable":true,"href":"https:\/\/fromagesdecocagne.fr\/en\/wp-json\/wp\/v2\/comments?post=1454"}],"version-history":[{"count":8,"href":"https:\/\/fromagesdecocagne.fr\/en\/wp-json\/wp\/v2\/pages\/1454\/revisions"}],"predecessor-version":[{"id":1614,"href":"https:\/\/fromagesdecocagne.fr\/en\/wp-json\/wp\/v2\/pages\/1454\/revisions\/1614"}],"wp:attachment":[{"href":"https:\/\/fromagesdecocagne.fr\/en\/wp-json\/wp\/v2\/media?parent=1454"}],"curies":[{"name":"wp","href":"https:\/\/api.w.org\/{rel}","templated":true}]}}