{"id":1477,"date":"2021-11-16T16:39:51","date_gmt":"2021-11-16T15:39:51","guid":{"rendered":"https:\/\/fromagesdecocagne.fr\/legal-information\/"},"modified":"2022-02-17T17:40:34","modified_gmt":"2022-02-17T16:40:34","slug":"legal-information","status":"publish","type":"page","link":"https:\/\/fromagesdecocagne.fr\/en\/legal-information\/","title":{"rendered":"Legal information"},"content":{"rendered":"\t\t<div data-elementor-type=\"wp-page\" data-elementor-id=\"1477\" class=\"elementor elementor-1477 elementor-867\" data-elementor-post-type=\"page\">\n\t\t\t\t\t\t<section class=\"elementor-section elementor-top-section elementor-element elementor-element-0c64084 elementor-section-boxed elementor-section-height-default elementor-section-height-default\" data-id=\"0c64084\" data-element_type=\"section\" data-e-type=\"section\">\n\t\t\t\t\t\t<div class=\"elementor-container elementor-column-gap-default\">\n\t\t\t\t\t<div class=\"elementor-column elementor-col-100 elementor-top-column elementor-element elementor-element-b82b29d\" data-id=\"b82b29d\" data-element_type=\"column\" data-e-type=\"column\">\n\t\t\t<div class=\"elementor-widget-wrap elementor-element-populated\">\n\t\t\t\t\t\t<div class=\"elementor-element elementor-element-e47d7ea elementor-widget elementor-widget-text-editor\" data-id=\"e47d7ea\" data-element_type=\"widget\" data-e-type=\"widget\" data-widget_type=\"text-editor.default\">\n\t\t\t\t<div class=\"elementor-widget-container\">\n\t\t\t\t\t\t\t\t\t<div><h2>Legal mentions<\/h2><\/div><div> <\/div><div> <\/div><div><div>\u2013 Company name<\/div><div>Terroirs Fromagers<\/div><div> <\/div><div><span style=\"color: var( --e-global-color-text ); font-size: 1rem;\">\u2013 Registered office address<\/span><\/div><div>146-200 Avenue des Etats-Unis, 31200 Toulouse, FRANCE<\/div><div> <\/div><div>&#8211; Telephone number and e-mail address<\/div><div>05 82 99 00 30<\/div><div><a>contact@fromagesdecocagne.fr<\/a><\/div><div> <\/div><div>&#8211; Business entity legal form<\/div><div>Soci\u00e9t\u00e9 par actions simplifi\u00e9e (joint-stock company under French law)<\/div><div> <\/div><div>&#8211; Share capital<\/div><div>279,360 \u20ac<\/div><div> <\/div><div>&#8211; Name of director or co-director of publication<\/div><div>Terroirs Fromagers<\/div><div> <\/div><div>&#8211; Name, company name, postal address and telephone number<\/div><div>of website host<\/div><div>Nicolas Dorigny<\/div><div>Dataetic<\/div><div>4 rue du couvent<\/div><div>31430 Le Fousseret, FRANCE<\/div><div>nd@dataetic.fr <\/div><div>06 65 68 44 64<\/div><\/div>\t\t\t\t\t\t\t\t<\/div>\n\t\t\t\t<\/div>\n\t\t\t\t\t<\/div>\n\t\t<\/div>\n\t\t\t\t\t<\/div>\n\t\t<\/section>\n\t\t\t\t<\/div>\n\t\t","protected":false},"excerpt":{"rendered":"<p>Legal mentions \u2013 Company nameTerroirs Fromagers \u2013 Registered office address146-200 Avenue des Etats-Unis, 31200 Toulouse, FRANCE &#8211; Telephone number and e-mail address05 82 99 00 30contact@fromagesdecocagne.fr &#8211; Business entity legal formSoci\u00e9t\u00e9 par actions simplifi\u00e9e (joint-stock company under French law) &#8211; Share capital279,360 \u20ac &#8211; Name of director or co-director of publicationTerroirs Fromagers &#8211; Name, company [&hellip;]<\/p>\n","protected":false},"author":2,"featured_media":0,"parent":0,"menu_order":0,"comment_status":"closed","ping_status":"closed","template":"","meta":{"_acf_changed":false,"footnotes":""},"class_list":["post-1477","page","type-page","status-publish","hentry"],"acf":[],"yoast_head":"<!-- This site is optimized with the Yoast SEO plugin v26.8 - https:\/\/yoast.com\/product\/yoast-seo-wordpress\/ -->\n<title>Legal information - Fromages de Cocagne<\/title>\n<meta name=\"robots\" content=\"index, follow, max-snippet:-1, max-image-preview:large, max-video-preview:-1\" \/>\n<link rel=\"canonical\" href=\"https:\/\/fromagesdecocagne.fr\/en\/legal-information\/\" \/>\n<meta property=\"og:locale\" content=\"en_US\" \/>\n<meta property=\"og:type\" content=\"article\" \/>\n<meta property=\"og:title\" content=\"Legal information - Fromages de Cocagne\" \/>\n<meta property=\"og:description\" content=\"Legal mentions \u2013 Company nameTerroirs Fromagers \u2013 Registered office address146-200 Avenue des Etats-Unis, 31200 Toulouse, FRANCE &#8211; Telephone number and e-mail address05 82 99 00 30contact@fromagesdecocagne.fr &#8211; Business entity legal formSoci\u00e9t\u00e9 par actions simplifi\u00e9e (joint-stock company under French law) &#8211; Share capital279,360 \u20ac &#8211; Name of director or co-director of publicationTerroirs Fromagers &#8211; Name, company [&hellip;]\" \/>\n<meta property=\"og:url\" content=\"https:\/\/fromagesdecocagne.fr\/en\/legal-information\/\" \/>\n<meta property=\"og:site_name\" content=\"Fromages de Cocagne\" \/>\n<meta property=\"article:modified_time\" content=\"2022-02-17T16:40:34+00:00\" \/>\n<meta name=\"twitter:card\" content=\"summary_large_image\" \/>\n<script type=\"application\/ld+json\" class=\"yoast-schema-graph\">{\"@context\":\"https:\/\/schema.org\",\"@graph\":[{\"@type\":\"WebPage\",\"@id\":\"https:\/\/fromagesdecocagne.fr\/en\/legal-information\/\",\"url\":\"https:\/\/fromagesdecocagne.fr\/en\/legal-information\/\",\"name\":\"Legal information - Fromages de Cocagne\",\"isPartOf\":{\"@id\":\"https:\/\/fromagesdecocagne.fr\/en\/#website\"},\"datePublished\":\"2021-11-16T15:39:51+00:00\",\"dateModified\":\"2022-02-17T16:40:34+00:00\",\"breadcrumb\":{\"@id\":\"https:\/\/fromagesdecocagne.fr\/en\/legal-information\/#breadcrumb\"},\"inLanguage\":\"en-US\",\"potentialAction\":[{\"@type\":\"ReadAction\",\"target\":[\"https:\/\/fromagesdecocagne.fr\/en\/legal-information\/\"]}]},{\"@type\":\"BreadcrumbList\",\"@id\":\"https:\/\/fromagesdecocagne.fr\/en\/legal-information\/#breadcrumb\",\"itemListElement\":[{\"@type\":\"ListItem\",\"position\":1,\"name\":\"Accueil\",\"item\":\"https:\/\/fromagesdecocagne.fr\/en\/about-us\/\"},{\"@type\":\"ListItem\",\"position\":2,\"name\":\"Legal information\"}]},{\"@type\":\"WebSite\",\"@id\":\"https:\/\/fromagesdecocagne.fr\/en\/#website\",\"url\":\"https:\/\/fromagesdecocagne.fr\/en\/\",\"name\":\"Fromages de Cocagne\",\"description\":\"Fromages de Cocagne s\u00e9lectionne les meilleurs fromages du sud-ouest issue de productions paysannes pour proposer une offre g\u00e9n\u00e9reuse de fromages et cr\u00eamerie entre authenticit\u00e9 et originalit\u00e9.\",\"potentialAction\":[{\"@type\":\"SearchAction\",\"target\":{\"@type\":\"EntryPoint\",\"urlTemplate\":\"https:\/\/fromagesdecocagne.fr\/en\/?s={search_term_string}\"},\"query-input\":{\"@type\":\"PropertyValueSpecification\",\"valueRequired\":true,\"valueName\":\"search_term_string\"}}],\"inLanguage\":\"en-US\"}]}<\/script>\n<!-- \/ Yoast SEO plugin. -->","yoast_head_json":{"title":"Legal information - Fromages de Cocagne","robots":{"index":"index","follow":"follow","max-snippet":"max-snippet:-1","max-image-preview":"max-image-preview:large","max-video-preview":"max-video-preview:-1"},"canonical":"https:\/\/fromagesdecocagne.fr\/en\/legal-information\/","og_locale":"en_US","og_type":"article","og_title":"Legal information - Fromages de Cocagne","og_description":"Legal mentions \u2013 Company nameTerroirs Fromagers \u2013 Registered office address146-200 Avenue des Etats-Unis, 31200 Toulouse, FRANCE &#8211; Telephone number and e-mail address05 82 99 00 30contact@fromagesdecocagne.fr &#8211; Business entity legal formSoci\u00e9t\u00e9 par actions simplifi\u00e9e (joint-stock company under French law) &#8211; Share capital279,360 \u20ac &#8211; Name of director or co-director of publicationTerroirs Fromagers &#8211; Name, company [&hellip;]","og_url":"https:\/\/fromagesdecocagne.fr\/en\/legal-information\/","og_site_name":"Fromages de Cocagne","article_modified_time":"2022-02-17T16:40:34+00:00","twitter_card":"summary_large_image","schema":{"@context":"https:\/\/schema.org","@graph":[{"@type":"WebPage","@id":"https:\/\/fromagesdecocagne.fr\/en\/legal-information\/","url":"https:\/\/fromagesdecocagne.fr\/en\/legal-information\/","name":"Legal information - Fromages de Cocagne","isPartOf":{"@id":"https:\/\/fromagesdecocagne.fr\/en\/#website"},"datePublished":"2021-11-16T15:39:51+00:00","dateModified":"2022-02-17T16:40:34+00:00","breadcrumb":{"@id":"https:\/\/fromagesdecocagne.fr\/en\/legal-information\/#breadcrumb"},"inLanguage":"en-US","potentialAction":[{"@type":"ReadAction","target":["https:\/\/fromagesdecocagne.fr\/en\/legal-information\/"]}]},{"@type":"BreadcrumbList","@id":"https:\/\/fromagesdecocagne.fr\/en\/legal-information\/#breadcrumb","itemListElement":[{"@type":"ListItem","position":1,"name":"Accueil","item":"https:\/\/fromagesdecocagne.fr\/en\/about-us\/"},{"@type":"ListItem","position":2,"name":"Legal information"}]},{"@type":"WebSite","@id":"https:\/\/fromagesdecocagne.fr\/en\/#website","url":"https:\/\/fromagesdecocagne.fr\/en\/","name":"Fromages de Cocagne","description":"Fromages de Cocagne s\u00e9lectionne les meilleurs fromages du sud-ouest issue de productions paysannes pour proposer une offre g\u00e9n\u00e9reuse de fromages et cr\u00eamerie entre authenticit\u00e9 et originalit\u00e9.","potentialAction":[{"@type":"SearchAction","target":{"@type":"EntryPoint","urlTemplate":"https:\/\/fromagesdecocagne.fr\/en\/?s={search_term_string}"},"query-input":{"@type":"PropertyValueSpecification","valueRequired":true,"valueName":"search_term_string"}}],"inLanguage":"en-US"}]}},"_links":{"self":[{"href":"https:\/\/fromagesdecocagne.fr\/en\/wp-json\/wp\/v2\/pages\/1477","targetHints":{"allow":["GET"]}}],"collection":[{"href":"https:\/\/fromagesdecocagne.fr\/en\/wp-json\/wp\/v2\/pages"}],"about":[{"href":"https:\/\/fromagesdecocagne.fr\/en\/wp-json\/wp\/v2\/types\/page"}],"author":[{"embeddable":true,"href":"https:\/\/fromagesdecocagne.fr\/en\/wp-json\/wp\/v2\/users\/2"}],"replies":[{"embeddable":true,"href":"https:\/\/fromagesdecocagne.fr\/en\/wp-json\/wp\/v2\/comments?post=1477"}],"version-history":[{"count":7,"href":"https:\/\/fromagesdecocagne.fr\/en\/wp-json\/wp\/v2\/pages\/1477\/revisions"}],"predecessor-version":[{"id":1553,"href":"https:\/\/fromagesdecocagne.fr\/en\/wp-json\/wp\/v2\/pages\/1477\/revisions\/1553"}],"wp:attachment":[{"href":"https:\/\/fromagesdecocagne.fr\/en\/wp-json\/wp\/v2\/media?parent=1477"}],"curies":[{"name":"wp","href":"https:\/\/api.w.org\/{rel}","templated":true}]}}