{"id":1496,"date":"2020-09-22T15:29:38","date_gmt":"2020-09-22T13:29:38","guid":{"rendered":"https:\/\/fromagesdecocagne.fr\/fromages-de-cocagne\/"},"modified":"2022-02-18T10:03:31","modified_gmt":"2022-02-18T09:03:31","slug":"fromage-de-cocagne","status":"publish","type":"page","link":"https:\/\/fromagesdecocagne.fr\/en\/fromage-de-cocagne\/","title":{"rendered":"Home"},"content":{"rendered":"\t\t<div data-elementor-type=\"wp-page\" data-elementor-id=\"1496\" class=\"elementor elementor-1496 elementor-20\" data-elementor-post-type=\"page\">\n\t\t\t\t\t\t<section class=\"elementor-section elementor-top-section elementor-element elementor-element-18c6cc6 elementor-section-full_width elementor-section-content-middle elementor-section-height-default elementor-section-height-default\" data-id=\"18c6cc6\" data-element_type=\"section\" data-e-type=\"section\" data-settings=\"{&quot;sticky&quot;:&quot;top&quot;,&quot;sticky_on&quot;:[&quot;desktop&quot;,&quot;tablet&quot;,&quot;mobile&quot;],&quot;sticky_offset&quot;:0,&quot;sticky_effects_offset&quot;:0,&quot;sticky_anchor_link_offset&quot;:0}\">\n\t\t\t\t\t\t<div class=\"elementor-container elementor-column-gap-default\">\n\t\t\t\t\t<div class=\"elementor-column elementor-col-100 elementor-top-column elementor-element elementor-element-f8d0ea1\" data-id=\"f8d0ea1\" data-element_type=\"column\" data-e-type=\"column\">\n\t\t\t<div class=\"elementor-widget-wrap elementor-element-populated\">\n\t\t\t\t\t\t<section class=\"elementor-section elementor-inner-section elementor-element elementor-element-462bd74 elementor-section-full_width elementor-section-height-default elementor-section-height-default\" data-id=\"462bd74\" data-element_type=\"section\" data-e-type=\"section\" data-settings=\"{&quot;background_background&quot;:&quot;classic&quot;}\">\n\t\t\t\t\t\t<div class=\"elementor-container elementor-column-gap-no\">\n\t\t\t\t\t<div class=\"elementor-column elementor-col-50 elementor-inner-column elementor-element elementor-element-0bede96\" data-id=\"0bede96\" data-element_type=\"column\" data-e-type=\"column\">\n\t\t\t<div class=\"elementor-widget-wrap elementor-element-populated\">\n\t\t\t\t\t\t<div class=\"elementor-element elementor-element-5a81cc6 elementor-nav-menu--stretch elementor-widget__width-auto elementor-nav-menu--dropdown-tablet elementor-nav-menu__text-align-aside elementor-nav-menu--toggle elementor-nav-menu--burger elementor-widget elementor-widget-nav-menu\" data-id=\"5a81cc6\" data-element_type=\"widget\" data-e-type=\"widget\" data-settings=\"{&quot;full_width&quot;:&quot;stretch&quot;,&quot;layout&quot;:&quot;horizontal&quot;,&quot;submenu_icon&quot;:{&quot;value&quot;:&quot;&lt;i class=\\&quot;fas fa-caret-down\\&quot; aria-hidden=\\&quot;true\\&quot;&gt;&lt;\\\/i&gt;&quot;,&quot;library&quot;:&quot;fa-solid&quot;},&quot;toggle&quot;:&quot;burger&quot;}\" data-widget_type=\"nav-menu.default\">\n\t\t\t\t<div class=\"elementor-widget-container\">\n\t\t\t\t\t\t\t\t<nav aria-label=\"Menu\" class=\"elementor-nav-menu--main elementor-nav-menu__container elementor-nav-menu--layout-horizontal e--pointer-none\">\n\t\t\t\t<ul id=\"menu-1-5a81cc6\" class=\"elementor-nav-menu\"><li class=\"menu-item menu-item-type-post_type menu-item-object-page menu-item-home menu-item-262\"><a href=\"https:\/\/fromagesdecocagne.fr\/nous-connaitre\/\" class=\"elementor-item\">About us<\/a><\/li>\n<li class=\"menu-item menu-item-type-post_type menu-item-object-page menu-item-309\"><a href=\"https:\/\/fromagesdecocagne.fr\/nos-produits\/\" class=\"elementor-item\">Our products<\/a><\/li>\n<li class=\"menu-item menu-item-type-post_type menu-item-object-page menu-item-984\"><a href=\"https:\/\/fromagesdecocagne.fr\/nos-services\/\" class=\"elementor-item\">Our services<\/a><\/li>\n<li class=\"menu-item menu-item-type-post_type menu-item-object-page menu-item-696\"><a href=\"https:\/\/fromagesdecocagne.fr\/nous-contacter\/\" class=\"elementor-item\">Contact us<\/a><\/li>\n<li class=\"menu-item wpml-ls-slot-2 wpml-ls-item wpml-ls-item-fr wpml-ls-menu-item wpml-ls-first-item menu-item-type-wpml_ls_menu_item menu-item-object-wpml_ls_menu_item menu-item-wpml-ls-2-fr\"><a href=\"https:\/\/fromagesdecocagne.fr\/\" class=\"elementor-item\"><img decoding=\"async\"\n            class=\"wpml-ls-flag\"\n            src=\"https:\/\/fromagesdecocagne.fr\/wp-content\/plugins\/sitepress-multilingual-cms\/res\/flags\/fr.png\"\n            alt=\"French\"\n            \n            \n    \/><\/a><\/li>\n<li class=\"menu-item wpml-ls-slot-2 wpml-ls-item wpml-ls-item-en wpml-ls-current-language wpml-ls-menu-item wpml-ls-last-item menu-item-type-wpml_ls_menu_item menu-item-object-wpml_ls_menu_item menu-item-wpml-ls-2-en\"><a href=\"https:\/\/fromagesdecocagne.fr\/en\/\" class=\"elementor-item\"><img decoding=\"async\"\n            class=\"wpml-ls-flag\"\n            src=\"https:\/\/fromagesdecocagne.fr\/wp-content\/plugins\/sitepress-multilingual-cms\/res\/flags\/en.png\"\n            alt=\"English\"\n            \n            \n    \/><\/a><\/li>\n<\/ul>\t\t\t<\/nav>\n\t\t\t\t\t<div class=\"elementor-menu-toggle\" role=\"button\" tabindex=\"0\" aria-label=\"Menu Toggle\" aria-expanded=\"false\">\n\t\t\t<i aria-hidden=\"true\" role=\"presentation\" class=\"elementor-menu-toggle__icon--open eicon-menu-bar\"><\/i><i aria-hidden=\"true\" role=\"presentation\" class=\"elementor-menu-toggle__icon--close eicon-close\"><\/i>\t\t<\/div>\n\t\t\t\t\t<nav class=\"elementor-nav-menu--dropdown elementor-nav-menu__container\" aria-hidden=\"true\">\n\t\t\t\t<ul id=\"menu-2-5a81cc6\" class=\"elementor-nav-menu\"><li class=\"menu-item menu-item-type-post_type menu-item-object-page menu-item-home menu-item-262\"><a href=\"https:\/\/fromagesdecocagne.fr\/nous-connaitre\/\" class=\"elementor-item\" tabindex=\"-1\">About us<\/a><\/li>\n<li class=\"menu-item menu-item-type-post_type menu-item-object-page menu-item-309\"><a href=\"https:\/\/fromagesdecocagne.fr\/nos-produits\/\" class=\"elementor-item\" tabindex=\"-1\">Our products<\/a><\/li>\n<li class=\"menu-item menu-item-type-post_type menu-item-object-page menu-item-984\"><a href=\"https:\/\/fromagesdecocagne.fr\/nos-services\/\" class=\"elementor-item\" tabindex=\"-1\">Our services<\/a><\/li>\n<li class=\"menu-item menu-item-type-post_type menu-item-object-page menu-item-696\"><a href=\"https:\/\/fromagesdecocagne.fr\/nous-contacter\/\" class=\"elementor-item\" tabindex=\"-1\">Contact us<\/a><\/li>\n<li class=\"menu-item wpml-ls-slot-2 wpml-ls-item wpml-ls-item-fr wpml-ls-menu-item wpml-ls-first-item menu-item-type-wpml_ls_menu_item menu-item-object-wpml_ls_menu_item menu-item-wpml-ls-2-fr\"><a href=\"https:\/\/fromagesdecocagne.fr\/\" class=\"elementor-item\" tabindex=\"-1\"><img decoding=\"async\"\n            class=\"wpml-ls-flag\"\n            src=\"https:\/\/fromagesdecocagne.fr\/wp-content\/plugins\/sitepress-multilingual-cms\/res\/flags\/fr.png\"\n            alt=\"French\"\n            \n            \n    \/><\/a><\/li>\n<li class=\"menu-item wpml-ls-slot-2 wpml-ls-item wpml-ls-item-en wpml-ls-current-language wpml-ls-menu-item wpml-ls-last-item menu-item-type-wpml_ls_menu_item menu-item-object-wpml_ls_menu_item menu-item-wpml-ls-2-en\"><a href=\"https:\/\/fromagesdecocagne.fr\/en\/\" class=\"elementor-item\" tabindex=\"-1\"><img decoding=\"async\"\n            class=\"wpml-ls-flag\"\n            src=\"https:\/\/fromagesdecocagne.fr\/wp-content\/plugins\/sitepress-multilingual-cms\/res\/flags\/en.png\"\n            alt=\"English\"\n            \n            \n    \/><\/a><\/li>\n<\/ul>\t\t\t<\/nav>\n\t\t\t\t\t\t<\/div>\n\t\t\t\t<\/div>\n\t\t\t\t\t<\/div>\n\t\t<\/div>\n\t\t\t\t<div class=\"elementor-column elementor-col-50 elementor-inner-column elementor-element elementor-element-31bc821\" data-id=\"31bc821\" data-element_type=\"column\" data-e-type=\"column\">\n\t\t\t<div class=\"elementor-widget-wrap elementor-element-populated\">\n\t\t\t\t\t\t<div class=\"elementor-element elementor-element-922851f elementor-position-inline-end elementor-widget__width-auto elementor-view-default elementor-mobile-position-block-start elementor-widget elementor-widget-icon-box\" data-id=\"922851f\" data-element_type=\"widget\" data-e-type=\"widget\" data-widget_type=\"icon-box.default\">\n\t\t\t\t<div class=\"elementor-widget-container\">\n\t\t\t\t\t\t\t<div class=\"elementor-icon-box-wrapper\">\n\n\t\t\t\t\t\t<div class=\"elementor-icon-box-icon\">\n\t\t\t\t<a href=\"tel:+33582990030\" class=\"elementor-icon\" tabindex=\"-1\" aria-label=\"(+33)5 82 99 00 30\">\n\t\t\t\t<i aria-hidden=\"true\" class=\"fas fa-phone\"><\/i>\t\t\t\t<\/a>\n\t\t\t<\/div>\n\t\t\t\n\t\t\t\t\t\t<div class=\"elementor-icon-box-content\">\n\n\t\t\t\t\t\t\t\t\t<span class=\"elementor-icon-box-title\">\n\t\t\t\t\t\t<a href=\"tel:+33582990030\" >\n\t\t\t\t\t\t\t(+33)5 82 99 00 30\t\t\t\t\t\t<\/a>\n\t\t\t\t\t<\/span>\n\t\t\t\t\n\t\t\t\t\n\t\t\t<\/div>\n\t\t\t\n\t\t<\/div>\n\t\t\t\t\t\t<\/div>\n\t\t\t\t<\/div>\n\t\t\t\t<div class=\"elementor-element elementor-element-5c196df elementor-position-inline-end elementor-widget__width-auto elementor-view-default elementor-mobile-position-block-start elementor-widget elementor-widget-icon-box\" data-id=\"5c196df\" data-element_type=\"widget\" data-e-type=\"widget\" data-widget_type=\"icon-box.default\">\n\t\t\t\t<div class=\"elementor-widget-container\">\n\t\t\t\t\t\t\t<div class=\"elementor-icon-box-wrapper\">\n\n\t\t\t\t\t\t<div class=\"elementor-icon-box-icon\">\n\t\t\t\t<a href=\"https:\/\/pro.fromagesdecocagne.fr\/\" class=\"elementor-icon\" tabindex=\"-1\" aria-label=\"SIGN IN\">\n\t\t\t\t<i aria-hidden=\"true\" class=\"far fa-user-circle\"><\/i>\t\t\t\t<\/a>\n\t\t\t<\/div>\n\t\t\t\n\t\t\t\t\t\t<div class=\"elementor-icon-box-content\">\n\n\t\t\t\t\t\t\t\t\t<span class=\"elementor-icon-box-title\">\n\t\t\t\t\t\t<a href=\"https:\/\/pro.fromagesdecocagne.fr\/\" >\n\t\t\t\t\t\t\tSIGN IN\t\t\t\t\t\t<\/a>\n\t\t\t\t\t<\/span>\n\t\t\t\t\n\t\t\t\t\n\t\t\t<\/div>\n\t\t\t\n\t\t<\/div>\n\t\t\t\t\t\t<\/div>\n\t\t\t\t<\/div>\n\t\t\t\t\t<\/div>\n\t\t<\/div>\n\t\t\t\t\t<\/div>\n\t\t<\/section>\n\t\t\t\t\t<\/div>\n\t\t<\/div>\n\t\t\t\t\t<\/div>\n\t\t<\/section>\n\t\t\t\t<section class=\"elementor-section elementor-top-section elementor-element elementor-element-2775935 elementor-section-full_width elementor-section-height-default elementor-section-height-default\" data-id=\"2775935\" data-element_type=\"section\" data-e-type=\"section\">\n\t\t\t\t\t\t<div class=\"elementor-container elementor-column-gap-default\">\n\t\t\t\t\t<div class=\"elementor-column elementor-col-100 elementor-top-column elementor-element elementor-element-dc5603a\" data-id=\"dc5603a\" data-element_type=\"column\" data-e-type=\"column\">\n\t\t\t<div class=\"elementor-widget-wrap\">\n\t\t\t\t\t\t\t<\/div>\n\t\t<\/div>\n\t\t\t\t\t<\/div>\n\t\t<\/section>\n\t\t\t\t<\/div>\n\t\t","protected":false},"excerpt":{"rendered":"<p>(+33)5 82 99 00 30 SIGN IN OUR PURPOSE Promoting the diversity of products from south-west France Fromages de Cocagne selects the best cheeses from small farms in south-west France to offer a generous range of cheese and dairy products that is authentic and original. Defending artisan work and good taste Fromages de Cocagne campaigns [&hellip;]<\/p>\n","protected":false},"author":1,"featured_media":0,"parent":0,"menu_order":0,"comment_status":"closed","ping_status":"closed","template":"","meta":{"_acf_changed":false,"footnotes":""},"class_list":["post-1496","page","type-page","status-publish","hentry"],"acf":[],"yoast_head":"<!-- This site is optimized with the Yoast SEO plugin v26.8 - https:\/\/yoast.com\/product\/yoast-seo-wordpress\/ -->\n<title>Fromage de Cocagne - A fair wholesaler - French cheeses - Home -<\/title>\n<meta name=\"description\" content=\"Fromages de Cocagne selects the best cheeses from the south-west from peasant production to offer a generous offer of cheeses.\" \/>\n<meta name=\"robots\" content=\"index, follow, max-snippet:-1, max-image-preview:large, max-video-preview:-1\" \/>\n<link rel=\"canonical\" href=\"https:\/\/fromagesdecocagne.fr\/en\/fromage-de-cocagne\/\" \/>\n<meta property=\"og:locale\" content=\"en_US\" \/>\n<meta property=\"og:type\" content=\"article\" \/>\n<meta property=\"og:title\" content=\"Fromage de Cocagne - A fair wholesaler - French cheeses - Home -\" \/>\n<meta property=\"og:description\" content=\"Fromages de Cocagne selects the best cheeses from the south-west from peasant production to offer a generous offer of cheeses.\" \/>\n<meta property=\"og:url\" content=\"https:\/\/fromagesdecocagne.fr\/en\/fromage-de-cocagne\/\" \/>\n<meta property=\"og:site_name\" content=\"Fromages de Cocagne\" \/>\n<meta property=\"article:modified_time\" content=\"2022-02-18T09:03:31+00:00\" \/>\n<meta property=\"og:image\" content=\"https:\/\/fromagesdecocagne.fr\/wp-content\/uploads\/2022\/02\/fromages-de-cocagne-fromages-de-cocagne-fromage-de-cocagne-en.png\" \/>\n<meta name=\"twitter:card\" content=\"summary_large_image\" \/>\n<meta name=\"twitter:label1\" content=\"Est. reading time\" \/>\n\t<meta name=\"twitter:data1\" content=\"6 minutes\" \/>\n<script type=\"application\/ld+json\" class=\"yoast-schema-graph\">{\"@context\":\"https:\/\/schema.org\",\"@graph\":[{\"@type\":\"WebPage\",\"@id\":\"https:\/\/fromagesdecocagne.fr\/en\/fromage-de-cocagne\/\",\"url\":\"https:\/\/fromagesdecocagne.fr\/en\/fromage-de-cocagne\/\",\"name\":\"Fromage de Cocagne - A fair wholesaler - French cheeses - Home -\",\"isPartOf\":{\"@id\":\"https:\/\/fromagesdecocagne.fr\/en\/#website\"},\"primaryImageOfPage\":{\"@id\":\"https:\/\/fromagesdecocagne.fr\/en\/fromage-de-cocagne\/#primaryimage\"},\"image\":{\"@id\":\"https:\/\/fromagesdecocagne.fr\/en\/fromage-de-cocagne\/#primaryimage\"},\"thumbnailUrl\":\"https:\/\/fromagesdecocagne.fr\/wp-content\/uploads\/2022\/02\/fromages-de-cocagne-fromages-de-cocagne-fromage-de-cocagne-en.png\",\"datePublished\":\"2020-09-22T13:29:38+00:00\",\"dateModified\":\"2022-02-18T09:03:31+00:00\",\"description\":\"Fromages de Cocagne selects the best cheeses from the south-west from peasant production to offer a generous offer of cheeses.\",\"breadcrumb\":{\"@id\":\"https:\/\/fromagesdecocagne.fr\/en\/fromage-de-cocagne\/#breadcrumb\"},\"inLanguage\":\"en-US\",\"potentialAction\":[{\"@type\":\"ReadAction\",\"target\":[\"https:\/\/fromagesdecocagne.fr\/en\/fromage-de-cocagne\/\"]}]},{\"@type\":\"ImageObject\",\"inLanguage\":\"en-US\",\"@id\":\"https:\/\/fromagesdecocagne.fr\/en\/fromage-de-cocagne\/#primaryimage\",\"url\":\"https:\/\/fromagesdecocagne.fr\/wp-content\/uploads\/2022\/02\/fromages-de-cocagne-fromages-de-cocagne-fromage-de-cocagne-en.png\",\"contentUrl\":\"https:\/\/fromagesdecocagne.fr\/wp-content\/uploads\/2022\/02\/fromages-de-cocagne-fromages-de-cocagne-fromage-de-cocagne-en.png\"},{\"@type\":\"BreadcrumbList\",\"@id\":\"https:\/\/fromagesdecocagne.fr\/en\/fromage-de-cocagne\/#breadcrumb\",\"itemListElement\":[{\"@type\":\"ListItem\",\"position\":1,\"name\":\"Accueil\",\"item\":\"https:\/\/fromagesdecocagne.fr\/en\/about-us\/\"},{\"@type\":\"ListItem\",\"position\":2,\"name\":\"Home\"}]},{\"@type\":\"WebSite\",\"@id\":\"https:\/\/fromagesdecocagne.fr\/en\/#website\",\"url\":\"https:\/\/fromagesdecocagne.fr\/en\/\",\"name\":\"Fromages de Cocagne\",\"description\":\"Fromages de Cocagne s\u00e9lectionne les meilleurs fromages du sud-ouest issue de productions paysannes pour proposer une offre g\u00e9n\u00e9reuse de fromages et cr\u00eamerie entre authenticit\u00e9 et originalit\u00e9.\",\"potentialAction\":[{\"@type\":\"SearchAction\",\"target\":{\"@type\":\"EntryPoint\",\"urlTemplate\":\"https:\/\/fromagesdecocagne.fr\/en\/?s={search_term_string}\"},\"query-input\":{\"@type\":\"PropertyValueSpecification\",\"valueRequired\":true,\"valueName\":\"search_term_string\"}}],\"inLanguage\":\"en-US\"}]}<\/script>\n<!-- \/ Yoast SEO plugin. -->","yoast_head_json":{"title":"Fromage de Cocagne - A fair wholesaler - French cheeses - Home -","description":"Fromages de Cocagne selects the best cheeses from the south-west from peasant production to offer a generous offer of cheeses.","robots":{"index":"index","follow":"follow","max-snippet":"max-snippet:-1","max-image-preview":"max-image-preview:large","max-video-preview":"max-video-preview:-1"},"canonical":"https:\/\/fromagesdecocagne.fr\/en\/fromage-de-cocagne\/","og_locale":"en_US","og_type":"article","og_title":"Fromage de Cocagne - A fair wholesaler - French cheeses - Home -","og_description":"Fromages de Cocagne selects the best cheeses from the south-west from peasant production to offer a generous offer of cheeses.","og_url":"https:\/\/fromagesdecocagne.fr\/en\/fromage-de-cocagne\/","og_site_name":"Fromages de Cocagne","article_modified_time":"2022-02-18T09:03:31+00:00","og_image":[{"url":"https:\/\/fromagesdecocagne.fr\/wp-content\/uploads\/2022\/02\/fromages-de-cocagne-fromages-de-cocagne-fromage-de-cocagne-en.png","type":"","width":"","height":""}],"twitter_card":"summary_large_image","twitter_misc":{"Est. reading time":"6 minutes"},"schema":{"@context":"https:\/\/schema.org","@graph":[{"@type":"WebPage","@id":"https:\/\/fromagesdecocagne.fr\/en\/fromage-de-cocagne\/","url":"https:\/\/fromagesdecocagne.fr\/en\/fromage-de-cocagne\/","name":"Fromage de Cocagne - A fair wholesaler - French cheeses - Home -","isPartOf":{"@id":"https:\/\/fromagesdecocagne.fr\/en\/#website"},"primaryImageOfPage":{"@id":"https:\/\/fromagesdecocagne.fr\/en\/fromage-de-cocagne\/#primaryimage"},"image":{"@id":"https:\/\/fromagesdecocagne.fr\/en\/fromage-de-cocagne\/#primaryimage"},"thumbnailUrl":"https:\/\/fromagesdecocagne.fr\/wp-content\/uploads\/2022\/02\/fromages-de-cocagne-fromages-de-cocagne-fromage-de-cocagne-en.png","datePublished":"2020-09-22T13:29:38+00:00","dateModified":"2022-02-18T09:03:31+00:00","description":"Fromages de Cocagne selects the best cheeses from the south-west from peasant production to offer a generous offer of cheeses.","breadcrumb":{"@id":"https:\/\/fromagesdecocagne.fr\/en\/fromage-de-cocagne\/#breadcrumb"},"inLanguage":"en-US","potentialAction":[{"@type":"ReadAction","target":["https:\/\/fromagesdecocagne.fr\/en\/fromage-de-cocagne\/"]}]},{"@type":"ImageObject","inLanguage":"en-US","@id":"https:\/\/fromagesdecocagne.fr\/en\/fromage-de-cocagne\/#primaryimage","url":"https:\/\/fromagesdecocagne.fr\/wp-content\/uploads\/2022\/02\/fromages-de-cocagne-fromages-de-cocagne-fromage-de-cocagne-en.png","contentUrl":"https:\/\/fromagesdecocagne.fr\/wp-content\/uploads\/2022\/02\/fromages-de-cocagne-fromages-de-cocagne-fromage-de-cocagne-en.png"},{"@type":"BreadcrumbList","@id":"https:\/\/fromagesdecocagne.fr\/en\/fromage-de-cocagne\/#breadcrumb","itemListElement":[{"@type":"ListItem","position":1,"name":"Accueil","item":"https:\/\/fromagesdecocagne.fr\/en\/about-us\/"},{"@type":"ListItem","position":2,"name":"Home"}]},{"@type":"WebSite","@id":"https:\/\/fromagesdecocagne.fr\/en\/#website","url":"https:\/\/fromagesdecocagne.fr\/en\/","name":"Fromages de Cocagne","description":"Fromages de Cocagne s\u00e9lectionne les meilleurs fromages du sud-ouest issue de productions paysannes pour proposer une offre g\u00e9n\u00e9reuse de fromages et cr\u00eamerie entre authenticit\u00e9 et originalit\u00e9.","potentialAction":[{"@type":"SearchAction","target":{"@type":"EntryPoint","urlTemplate":"https:\/\/fromagesdecocagne.fr\/en\/?s={search_term_string}"},"query-input":{"@type":"PropertyValueSpecification","valueRequired":true,"valueName":"search_term_string"}}],"inLanguage":"en-US"}]}},"_links":{"self":[{"href":"https:\/\/fromagesdecocagne.fr\/en\/wp-json\/wp\/v2\/pages\/1496","targetHints":{"allow":["GET"]}}],"collection":[{"href":"https:\/\/fromagesdecocagne.fr\/en\/wp-json\/wp\/v2\/pages"}],"about":[{"href":"https:\/\/fromagesdecocagne.fr\/en\/wp-json\/wp\/v2\/types\/page"}],"author":[{"embeddable":true,"href":"https:\/\/fromagesdecocagne.fr\/en\/wp-json\/wp\/v2\/users\/1"}],"replies":[{"embeddable":true,"href":"https:\/\/fromagesdecocagne.fr\/en\/wp-json\/wp\/v2\/comments?post=1496"}],"version-history":[{"count":19,"href":"https:\/\/fromagesdecocagne.fr\/en\/wp-json\/wp\/v2\/pages\/1496\/revisions"}],"predecessor-version":[{"id":1626,"href":"https:\/\/fromagesdecocagne.fr\/en\/wp-json\/wp\/v2\/pages\/1496\/revisions\/1626"}],"wp:attachment":[{"href":"https:\/\/fromagesdecocagne.fr\/en\/wp-json\/wp\/v2\/media?parent=1496"}],"curies":[{"name":"wp","href":"https:\/\/api.w.org\/{rel}","templated":true}]}}